{"id":11,"date":"2019-05-24T22:13:47","date_gmt":"2019-05-24T19:13:47","guid":{"rendered":"http:\/\/demo.cizoglubilisim.com\/KRadio-1\/?page_id=11"},"modified":"2022-04-06T15:06:48","modified_gmt":"2022-04-06T12:06:48","slug":"hakkimizda","status":"publish","type":"page","link":"https:\/\/www.radyovenus.net\/?page_id=11","title":{"rendered":"Hakk\u0131m\u0131zda"},"content":{"rendered":"<p><strong>YIL 1992<\/strong><\/p>\n<p>T\u00fcrkiyenin en g\u00fczel ,modern kentlerinden Band\u0131rma&#8217;d ilk \u00f6zel radyo kuruldu.<\/p>\n<p>\u00d6z\u00fcnde insan sevgisi olan milli ,manevi de\u011ferlere sad\u0131k ,ilkeli yay\u0131n anlay\u0131\u015f\u0131 ile yay\u0131n hayat\u0131na ba\u015flad\u0131\u011f\u0131 anda Band\u0131rma adeta yeni do\u011fan bebe\u011fi gibi sahiplendi, giderek sevdi &#8211; sahip \u00e7\u0131kt\u0131.<\/p>\n<p>Sonra t\u00fcm G\u00fcney Marmara&#8217;n\u0131n mesaide ,yolda ,evde, her yerde e\u015fsiz dostu oldu.<\/p>\n<p>Gece g\u00fcnd\u00fcz farkl\u0131 hazlar sunan \u00e7e\u015fitli programlar\u0131, sempatik programc\u0131lar\u0131yla giderek g\u00fc\u00e7lendi ,b\u00fcy\u00fcd\u00fc.<\/p>\n<p>Band\u0131rma&#8217;dan t\u00fcm G\u00fcney Marmara&#8217;ya yay\u0131lan frekans\u0131nda sevgi vard\u0131 ,a\u015fk vard\u0131 ,dostluk vard\u0131 ,dalga dalga m\u00fczik vard\u0131.<\/p>\n<p>\u015eimdi sizlerle \u00e7ok daha g\u00fc\u00e7l\u00fc.<\/p>\n<p>Buras\u0131 Radyo Ven\u00fcs.. 92.2<\/p>\n<p>G\u00fcney Marmara&#8217;n\u0131n ilkeli ilkindesiniz.<\/p>\n<p>Birlikte daha iyiye , daha g\u00fczele&#8230;<\/p>\n<p><img loading=\"lazy\" decoding=\"async\" class=\"alignnone wp-image-179 size-medium\" src=\"https:\/\/www.radyovenus.net\/wp-content\/uploads\/2020\/11\/img_2000-300x225.jpg\" alt=\"\" width=\"300\" height=\"225\" srcset=\"https:\/\/www.radyovenus.net\/wp-content\/uploads\/2020\/11\/img_2000-300x225.jpg 300w, https:\/\/www.radyovenus.net\/wp-content\/uploads\/2020\/11\/img_2000.jpg 448w\" sizes=\"(max-width: 300px) 100vw, 300px\" \/> <img loading=\"lazy\" decoding=\"async\" class=\"alignnone wp-image-178 size-medium\" src=\"https:\/\/www.radyovenus.net\/wp-content\/uploads\/2020\/11\/img_1992-300x225.jpg\" alt=\"\" width=\"300\" height=\"225\" srcset=\"https:\/\/www.radyovenus.net\/wp-content\/uploads\/2020\/11\/img_1992-300x225.jpg 300w, https:\/\/www.radyovenus.net\/wp-content\/uploads\/2020\/11\/img_1992.jpg 448w\" sizes=\"(max-width: 300px) 100vw, 300px\" \/> <img loading=\"lazy\" decoding=\"async\" class=\"alignnone wp-image-177 size-medium\" src=\"https:\/\/www.radyovenus.net\/wp-content\/uploads\/2020\/11\/img_1991-300x225.jpg\" alt=\"\" width=\"300\" height=\"225\" srcset=\"https:\/\/www.radyovenus.net\/wp-content\/uploads\/2020\/11\/img_1991-300x225.jpg 300w, https:\/\/www.radyovenus.net\/wp-content\/uploads\/2020\/11\/img_1991.jpg 448w\" sizes=\"(max-width: 300px) 100vw, 300px\" \/> <img loading=\"lazy\" decoding=\"async\" class=\"alignnone wp-image-176 size-medium\" src=\"https:\/\/www.radyovenus.net\/wp-content\/uploads\/2020\/11\/img_1989-300x225.jpg\" alt=\"\" width=\"300\" height=\"225\" srcset=\"https:\/\/www.radyovenus.net\/wp-content\/uploads\/2020\/11\/img_1989-300x225.jpg 300w, https:\/\/www.radyovenus.net\/wp-content\/uploads\/2020\/11\/img_1989.jpg 448w\" sizes=\"(max-width: 300px) 100vw, 300px\" \/><\/p>\n<p><img loading=\"lazy\" decoding=\"async\" class=\"alignnone size-medium wp-image-268\" src=\"https:\/\/www.radyovenus.net\/wp-content\/uploads\/2022\/04\/WhatsApp-Image-2022-04-06-at-15.03.40-300x165.jpeg\" alt=\"\" width=\"300\" height=\"165\" srcset=\"https:\/\/www.radyovenus.net\/wp-content\/uploads\/2022\/04\/WhatsApp-Image-2022-04-06-at-15.03.40-300x165.jpeg 300w, https:\/\/www.radyovenus.net\/wp-content\/uploads\/2022\/04\/WhatsApp-Image-2022-04-06-at-15.03.40.jpeg 750w\" sizes=\"(max-width: 300px) 100vw, 300px\" \/><\/p>\n<p>&nbsp;<\/p>\n","protected":false},"excerpt":{"rendered":"<p>YIL 1992 T\u00fcrkiyenin en g\u00fczel ,modern kentlerinden Band\u0131rma&#8217;d ilk \u00f6zel radyo kuruldu. \u00d6z\u00fcnde insan sevgisi olan milli ,manevi de\u011ferlere sad\u0131k ,ilkeli yay\u0131n anlay\u0131\u015f\u0131 ile yay\u0131n hayat\u0131na ba\u015flad\u0131\u011f\u0131 anda Band\u0131rma adeta yeni do\u011fan bebe\u011fi gibi sahiplendi, giderek sevdi &#8211; sahip \u00e7\u0131kt\u0131. Sonra t\u00fcm G\u00fcney Marmara&#8217;n\u0131n mesaide ,yolda ,evde, her yerde e\u015fsiz dostu oldu. Gece g\u00fcnd\u00fcz farkl\u0131 [&hellip;]<\/p>\n","protected":false},"author":1,"featured_media":143,"parent":0,"menu_order":0,"comment_status":"closed","ping_status":"closed","template":"","meta":{"footnotes":""},"_links":{"self":[{"href":"https:\/\/www.radyovenus.net\/index.php?rest_route=\/wp\/v2\/pages\/11"}],"collection":[{"href":"https:\/\/www.radyovenus.net\/index.php?rest_route=\/wp\/v2\/pages"}],"about":[{"href":"https:\/\/www.radyovenus.net\/index.php?rest_route=\/wp\/v2\/types\/page"}],"author":[{"embeddable":true,"href":"https:\/\/www.radyovenus.net\/index.php?rest_route=\/wp\/v2\/users\/1"}],"replies":[{"embeddable":true,"href":"https:\/\/www.radyovenus.net\/index.php?rest_route=%2Fwp%2Fv2%2Fcomments&post=11"}],"version-history":[{"count":5,"href":"https:\/\/www.radyovenus.net\/index.php?rest_route=\/wp\/v2\/pages\/11\/revisions"}],"predecessor-version":[{"id":272,"href":"https:\/\/www.radyovenus.net\/index.php?rest_route=\/wp\/v2\/pages\/11\/revisions\/272"}],"wp:featuredmedia":[{"embeddable":true,"href":"https:\/\/www.radyovenus.net\/index.php?rest_route=\/wp\/v2\/media\/143"}],"wp:attachment":[{"href":"https:\/\/www.radyovenus.net\/index.php?rest_route=%2Fwp%2Fv2%2Fmedia&parent=11"}],"curies":[{"name":"wp","href":"https:\/\/api.w.org\/{rel}","templated":true}]}}