{"id":15,"date":"2019-05-24T22:16:02","date_gmt":"2019-05-24T19:16:02","guid":{"rendered":"http:\/\/demo.cizoglubilisim.com\/KRadio-1\/?page_id=15"},"modified":"2022-05-09T13:53:48","modified_gmt":"2022-05-09T10:53:48","slug":"yayin-akisi","status":"publish","type":"page","link":"https:\/\/www.radyovenus.net\/?page_id=15","title":{"rendered":"Yay\u0131n Ak\u0131\u015f\u0131"},"content":{"rendered":"<div id=\"pl-15\"  class=\"panel-layout\" ><div id=\"pg-15-0\"  class=\"panel-grid panel-has-style k-radio-container-full\" ><div class=\"siteorigin-panels-stretch panel-row-style panel-row-style-for-15-0\" data-stretch-type=\"full\" ><div id=\"pgc-15-0-0\"  class=\"panel-grid-cell\" ><\/div><\/div><\/div><div id=\"pg-15-1\"  class=\"panel-grid panel-has-style k-radio-container\" ><div class=\"panel-row-style panel-row-style-for-15-1\" ><div id=\"pgc-15-1-0\"  class=\"panel-grid-cell\" ><div id=\"panel-15-1-0-0\" class=\"so-panel widget widget_kradio_baslik panel-first-child\" data-index=\"0\" >\r\n    <style scope>\r\n        .baslik-69f2ac395bcf0 {\r\n            color: #3f3f3f ;\r\n            font-size: 32px;\r\n            font-weight: 700;\r\n            letter-spacing: 8px;\r\n            display: flex;\r\n            align-items: center;\r\n            white-space: nowrap;\r\n        }\r\n\r\n        .baslik-69f2ac395bcf0:after {\r\n            content: \"\";\r\n            position: relative;\r\n            display: flex;\r\n            height: 7px;\r\n            align-items: center;\r\n            width: 100%;\r\n            background: #8bc34a;\r\n            border-radius: 4px;\r\n        }\r\n\r\n        .baslik-player-69f2ac395bcf0{\r\n            color:#8bc34a;\r\n            font-size:50px;\r\n\r\n        }\r\n    <\/style>\r\n\r\n\r\n <div class=\"KRadio_Baslik baslik-69f2ac395bcf0\">\r\n <span class=\"icon-if_control-play_1288804 baslik-player-69f2ac395bcf0\"><\/span>\r\nYAYIN AKI\u015eI    <\/div>\r\n\r\n        <\/div><div id=\"panel-15-1-0-1\" class=\"so-panel widget widget_kradio_yayinakisi panel-last-child\" data-index=\"1\" >\t\r\n\r\n<style scope>\r\n.k-69f2ac395bd2c {\r\n\r\n}\r\n<\/style>\t\t\r\n\r\n<div class=\"kradio-yayinakisi-container\">\r\n\r\n<ul id=\"yayinTab\">\r\n    <li >Pazartesi<\/li>\r\n    <li >Sal\u0131<\/li>\r\n    <li >\u00c7ar\u015famba<\/li>\r\n    <li class=\"aktif\">Per\u015fembe<\/li>\r\n    <li >Cuma<\/li>\r\n    <li >Cumartesi<\/li>\r\n    <li >Pazar<\/li>\r\n<\/ul>\r\n\t\t\t\r\n<div class=\"yayinContent \"><ul><li>\n\t\t<div class=\"yayin-foto\"><img decoding=\"async\" src=\"https:\/\/www.radyovenus.net\/wp-content\/plugins\/k-radio\/images\/noimage.png\" width:\"64\" height=\"64\"><\/div>\n\t\t<div class=\"programAdi\"><a href=\"#\">SLOW M\u00dcZ\u0130K<\/a><\/div>\n\t\t<div class=\"saatler\"> 01:00 - 06:00<\/div>\n\t\t<\/li><li>\n\t\t<div class=\"yayin-foto\"><img decoding=\"async\" src=\"https:\/\/www.radyovenus.net\/wp-content\/plugins\/k-radio\/images\/noimage.png\" width:\"64\" height=\"64\"><\/div>\n\t\t<div class=\"programAdi\"><a href=\"#\">TOP 40 M\u00dcZ\u0130K<\/a><\/div>\n\t\t<div class=\"saatler\"> 06:00 - 10:00<\/div>\n\t\t<\/li><li>\n\t\t<div class=\"yayin-foto\"><img decoding=\"async\" src=\"https:\/\/www.radyovenus.net\/wp-content\/plugins\/k-radio\/images\/noimage.png\" width:\"64\" height=\"64\"><\/div>\n\t\t<div class=\"programAdi\"><a href=\"#\">POP M\u00dcZ\u0130K<\/a><\/div>\n\t\t<div class=\"saatler\"> 10:00 - 12:00<\/div>\n\t\t<\/li><li>\n\t\t<div class=\"yayin-foto\"><img decoding=\"async\" src=\"https:\/\/www.radyovenus.net\/wp-content\/plugins\/k-radio\/images\/noimage.png\" width:\"64\" height=\"64\"><\/div>\n\t\t<div class=\"programAdi\"><a href=\"#\">T\u00dcMERKAN S\u00d6\u011e\u00dcTL\u00dc \u0130LE M\u00dcZ\u0130K FEST\u0130VAL\u0130<\/a><\/div>\n\t\t<div class=\"saatler\"> 12:00 - 14:30<\/div>\n\t\t<\/li><li>\n\t\t<div class=\"yayin-foto\"><img decoding=\"async\" src=\"https:\/\/www.radyovenus.net\/wp-content\/plugins\/k-radio\/images\/noimage.png\" width:\"64\" height=\"64\"><\/div>\n\t\t<div class=\"programAdi\"><a href=\"#\">AR\u0130F G\u00dcVEN SHOW T\u0130ME<\/a><\/div>\n\t\t<div class=\"saatler\"> 14:30 - 18:00<\/div>\n\t\t<\/li><li>\n\t\t<div class=\"yayin-foto\"><img decoding=\"async\" src=\"https:\/\/www.radyovenus.net\/wp-content\/plugins\/k-radio\/images\/noimage.png\" width:\"64\" height=\"64\"><\/div>\n\t\t<div class=\"programAdi\"><a href=\"#\">MURAT ALBAYRAK YAYINDA<\/a><\/div>\n\t\t<div class=\"saatler\"> 18:00 - 20:00<\/div>\n\t\t<\/li><li>\n\t\t<div class=\"yayin-foto\"><img decoding=\"async\" src=\"https:\/\/www.radyovenus.net\/wp-content\/plugins\/k-radio\/images\/noimage.png\" width:\"64\" height=\"64\"><\/div>\n\t\t<div class=\"programAdi\"><a href=\"#\">KARI\u015eIK M\u00dcZ\u0130K<\/a><\/div>\n\t\t<div class=\"saatler\"> 20:00 - 23:00<\/div>\n\t\t<\/li><li>\n\t\t<div class=\"yayin-foto\"><img decoding=\"async\" src=\"https:\/\/www.radyovenus.net\/wp-content\/plugins\/k-radio\/images\/noimage.png\" width:\"64\" height=\"64\"><\/div>\n\t\t<div class=\"programAdi\"><a href=\"#\">MURAT \u0130NCE - UZUN \u0130NCE YOL<\/a><\/div>\n\t\t<div class=\"saatler\"> 23:00 - 01:00<\/div>\n\t\t<\/li><\/ul><\/div>\r\n<div class=\"yayinContent \"><ul><li>\n\t\t<div class=\"yayin-foto\"><img decoding=\"async\" src=\"https:\/\/www.radyovenus.net\/wp-content\/plugins\/k-radio\/images\/noimage.png\" width:\"64\" height=\"64\"><\/div>\n\t\t<div class=\"programAdi\"><a href=\"#\">SLOW M\u00dcZ\u0130K<\/a><\/div>\n\t\t<div class=\"saatler\"> 01:00 - 06:00<\/div>\n\t\t<\/li><li>\n\t\t<div class=\"yayin-foto\"><img decoding=\"async\" src=\"https:\/\/www.radyovenus.net\/wp-content\/plugins\/k-radio\/images\/noimage.png\" width:\"64\" height=\"64\"><\/div>\n\t\t<div class=\"programAdi\"><a href=\"#\">TOP 40 M\u00dcZ\u0130K<\/a><\/div>\n\t\t<div class=\"saatler\"> 06:00 - 10:00<\/div>\n\t\t<\/li><li>\n\t\t<div class=\"yayin-foto\"><img decoding=\"async\" src=\"https:\/\/www.radyovenus.net\/wp-content\/plugins\/k-radio\/images\/noimage.png\" width:\"64\" height=\"64\"><\/div>\n\t\t<div class=\"programAdi\"><a href=\"#\">POP M\u00dcZ\u0130K<\/a><\/div>\n\t\t<div class=\"saatler\"> 10:00 - 12:00<\/div>\n\t\t<\/li><li>\n\t\t<div class=\"yayin-foto\"><img decoding=\"async\" src=\"https:\/\/www.radyovenus.net\/wp-content\/plugins\/k-radio\/images\/noimage.png\" width:\"64\" height=\"64\"><\/div>\n\t\t<div class=\"programAdi\"><a href=\"#\">T\u00dcMERKAN S\u00d6\u011e\u00dcTL\u00dc \u0130LE M\u00dcZ\u0130K FEST\u0130VAL\u0130<\/a><\/div>\n\t\t<div class=\"saatler\"> 12:00 - 14:30<\/div>\n\t\t<\/li><li>\n\t\t<div class=\"yayin-foto\"><img decoding=\"async\" src=\"https:\/\/www.radyovenus.net\/wp-content\/plugins\/k-radio\/images\/noimage.png\" width:\"64\" height=\"64\"><\/div>\n\t\t<div class=\"programAdi\"><a href=\"#\">AR\u0130F G\u00dcVEN SHOW T\u0130ME<\/a><\/div>\n\t\t<div class=\"saatler\"> 14:30 - 18:00<\/div>\n\t\t<\/li><li>\n\t\t<div class=\"yayin-foto\"><img decoding=\"async\" src=\"https:\/\/www.radyovenus.net\/wp-content\/plugins\/k-radio\/images\/noimage.png\" width:\"64\" height=\"64\"><\/div>\n\t\t<div class=\"programAdi\"><a href=\"#\">MURAT ALBAYRAK YAYINDA<\/a><\/div>\n\t\t<div class=\"saatler\"> 18:00 - 20:00<\/div>\n\t\t<\/li><li>\n\t\t<div class=\"yayin-foto\"><img decoding=\"async\" src=\"https:\/\/www.radyovenus.net\/wp-content\/plugins\/k-radio\/images\/noimage.png\" width:\"64\" height=\"64\"><\/div>\n\t\t<div class=\"programAdi\"><a href=\"#\">KARI\u015eIK M\u00dcZ\u0130K<\/a><\/div>\n\t\t<div class=\"saatler\"> 20:00 - 23:00<\/div>\n\t\t<\/li><li>\n\t\t<div class=\"yayin-foto\"><img decoding=\"async\" src=\"https:\/\/www.radyovenus.net\/wp-content\/plugins\/k-radio\/images\/noimage.png\" width:\"64\" height=\"64\"><\/div>\n\t\t<div class=\"programAdi\"><a href=\"#\">MURAT \u0130NCE - UZUN \u0130NCE YOL<\/a><\/div>\n\t\t<div class=\"saatler\"> 23:00 - 01:00<\/div>\n\t\t<\/li><\/ul><\/div>\r\n<div class=\"yayinContent \"><ul><li>\n\t\t<div class=\"yayin-foto\"><img decoding=\"async\" src=\"https:\/\/www.radyovenus.net\/wp-content\/plugins\/k-radio\/images\/noimage.png\" width:\"64\" height=\"64\"><\/div>\n\t\t<div class=\"programAdi\"><a href=\"#\">SLOW M\u00dcZ\u0130K<\/a><\/div>\n\t\t<div class=\"saatler\"> 01:00 - 06:00<\/div>\n\t\t<\/li><li>\n\t\t<div class=\"yayin-foto\"><img decoding=\"async\" src=\"https:\/\/www.radyovenus.net\/wp-content\/plugins\/k-radio\/images\/noimage.png\" width:\"64\" height=\"64\"><\/div>\n\t\t<div class=\"programAdi\"><a href=\"#\">TOP 40 M\u00dcZ\u0130K<\/a><\/div>\n\t\t<div class=\"saatler\"> 06:00 - 10:00<\/div>\n\t\t<\/li><li>\n\t\t<div class=\"yayin-foto\"><img decoding=\"async\" src=\"https:\/\/www.radyovenus.net\/wp-content\/plugins\/k-radio\/images\/noimage.png\" width:\"64\" height=\"64\"><\/div>\n\t\t<div class=\"programAdi\"><a href=\"#\">POP M\u00dcZ\u0130K<\/a><\/div>\n\t\t<div class=\"saatler\"> 10:00 - 12:00<\/div>\n\t\t<\/li><li>\n\t\t<div class=\"yayin-foto\"><img decoding=\"async\" src=\"https:\/\/www.radyovenus.net\/wp-content\/plugins\/k-radio\/images\/noimage.png\" width:\"64\" height=\"64\"><\/div>\n\t\t<div class=\"programAdi\"><a href=\"#\">T\u00dcMERKAN S\u00d6\u011e\u00dcTL\u00dc \u0130LE M\u00dcZ\u0130K FEST\u0130VAL\u0130<\/a><\/div>\n\t\t<div class=\"saatler\"> 12:00 - 14:30<\/div>\n\t\t<\/li><li>\n\t\t<div class=\"yayin-foto\"><img decoding=\"async\" src=\"https:\/\/www.radyovenus.net\/wp-content\/plugins\/k-radio\/images\/noimage.png\" width:\"64\" height=\"64\"><\/div>\n\t\t<div class=\"programAdi\"><a href=\"#\">AR\u0130F G\u00dcVEN SHOW T\u0130ME<\/a><\/div>\n\t\t<div class=\"saatler\"> 14:30 - 18:00<\/div>\n\t\t<\/li><li>\n\t\t<div class=\"yayin-foto\"><img decoding=\"async\" src=\"https:\/\/www.radyovenus.net\/wp-content\/plugins\/k-radio\/images\/noimage.png\" width:\"64\" height=\"64\"><\/div>\n\t\t<div class=\"programAdi\"><a href=\"#\">MURAT ALBAYRAK YAYINDA<\/a><\/div>\n\t\t<div class=\"saatler\"> 18:00 - 20:00<\/div>\n\t\t<\/li><li>\n\t\t<div class=\"yayin-foto\"><img decoding=\"async\" src=\"https:\/\/www.radyovenus.net\/wp-content\/plugins\/k-radio\/images\/noimage.png\" width:\"64\" height=\"64\"><\/div>\n\t\t<div class=\"programAdi\"><a href=\"#\">KARI\u015eIK M\u00dcZ\u0130K<\/a><\/div>\n\t\t<div class=\"saatler\"> 20:00 - 23:00<\/div>\n\t\t<\/li><li>\n\t\t<div class=\"yayin-foto\"><img decoding=\"async\" src=\"https:\/\/www.radyovenus.net\/wp-content\/plugins\/k-radio\/images\/noimage.png\" width:\"64\" height=\"64\"><\/div>\n\t\t<div class=\"programAdi\"><a href=\"#\">MURAT \u0130NCE - UZUN \u0130NCE YOL<\/a><\/div>\n\t\t<div class=\"saatler\"> 23:00 - 01:00<\/div>\n\t\t<\/li><\/ul><\/div>\r\n<div class=\"yayinContent y-content-active\"><ul><li>\n\t\t<div class=\"yayin-foto\"><img decoding=\"async\" src=\"https:\/\/www.radyovenus.net\/wp-content\/plugins\/k-radio\/images\/noimage.png\" width:\"64\" height=\"64\"><\/div>\n\t\t<div class=\"programAdi\"><a href=\"#\">SLOW M\u00dcZ\u0130K<\/a><\/div>\n\t\t<div class=\"saatler\"> 01:00 - 06:00<\/div>\n\t\t<\/li><li>\n\t\t<div class=\"yayin-foto\"><img decoding=\"async\" src=\"https:\/\/www.radyovenus.net\/wp-content\/plugins\/k-radio\/images\/noimage.png\" width:\"64\" height=\"64\"><\/div>\n\t\t<div class=\"programAdi\"><a href=\"#\">TOP 40 M\u00dcZ\u0130K<\/a><\/div>\n\t\t<div class=\"saatler\"> 06:00 - 10:00<\/div>\n\t\t<\/li><li>\n\t\t<div class=\"yayin-foto\"><img decoding=\"async\" src=\"https:\/\/www.radyovenus.net\/wp-content\/plugins\/k-radio\/images\/noimage.png\" width:\"64\" height=\"64\"><\/div>\n\t\t<div class=\"programAdi\"><a href=\"#\">POP M\u00dcZ\u0130K<\/a><\/div>\n\t\t<div class=\"saatler\"> 10:00 - 12:00<\/div>\n\t\t<\/li><li>\n\t\t<div class=\"yayin-foto\"><img decoding=\"async\" src=\"https:\/\/www.radyovenus.net\/wp-content\/plugins\/k-radio\/images\/noimage.png\" width:\"64\" height=\"64\"><\/div>\n\t\t<div class=\"programAdi\"><a href=\"#\">T\u00dcMERKAN S\u00d6\u011e\u00dcTL\u00dc \u0130LE M\u00dcZ\u0130K FEST\u0130VAL\u0130<\/a><\/div>\n\t\t<div class=\"saatler\"> 12:00 - 14:30<\/div>\n\t\t<\/li><li>\n\t\t<div class=\"yayin-foto\"><img decoding=\"async\" src=\"https:\/\/www.radyovenus.net\/wp-content\/plugins\/k-radio\/images\/noimage.png\" width:\"64\" height=\"64\"><\/div>\n\t\t<div class=\"programAdi\"><a href=\"#\">AR\u0130F G\u00dcVEN SHOW T\u0130ME<\/a><\/div>\n\t\t<div class=\"saatler\"> 14:30 - 18:00<\/div>\n\t\t<\/li><li>\n\t\t<div class=\"yayin-foto\"><img decoding=\"async\" src=\"https:\/\/www.radyovenus.net\/wp-content\/plugins\/k-radio\/images\/noimage.png\" width:\"64\" height=\"64\"><\/div>\n\t\t<div class=\"programAdi\"><a href=\"#\">MURAT ALBAYRAK YAYINDA<\/a><\/div>\n\t\t<div class=\"saatler\"> 18:00 - 20:00<\/div>\n\t\t<\/li><li>\n\t\t<div class=\"yayin-foto\"><img decoding=\"async\" src=\"https:\/\/www.radyovenus.net\/wp-content\/plugins\/k-radio\/images\/noimage.png\" width:\"64\" height=\"64\"><\/div>\n\t\t<div class=\"programAdi\"><a href=\"#\">KARI\u015eIK M\u00dcZ\u0130K<\/a><\/div>\n\t\t<div class=\"saatler\"> 20:00 - 23:00<\/div>\n\t\t<\/li><li>\n\t\t<div class=\"yayin-foto\"><img decoding=\"async\" src=\"https:\/\/www.radyovenus.net\/wp-content\/plugins\/k-radio\/images\/noimage.png\" width:\"64\" height=\"64\"><\/div>\n\t\t<div class=\"programAdi\"><a href=\"#\">MURAT \u0130NCE - UZUN \u0130NCE YOL<\/a><\/div>\n\t\t<div class=\"saatler\"> 23:00 - 01:00<\/div>\n\t\t<\/li><\/ul><\/div>\r\n<div class=\"yayinContent \"><ul><li>\n\t\t<div class=\"yayin-foto\"><img decoding=\"async\" src=\"https:\/\/www.radyovenus.net\/wp-content\/plugins\/k-radio\/images\/noimage.png\" width:\"64\" height=\"64\"><\/div>\n\t\t<div class=\"programAdi\"><a href=\"#\">SLOW M\u00dcZ\u0130K<\/a><\/div>\n\t\t<div class=\"saatler\"> 01:00 - 06:00<\/div>\n\t\t<\/li><li>\n\t\t<div class=\"yayin-foto\"><img decoding=\"async\" src=\"https:\/\/www.radyovenus.net\/wp-content\/plugins\/k-radio\/images\/noimage.png\" width:\"64\" height=\"64\"><\/div>\n\t\t<div class=\"programAdi\"><a href=\"#\">TOP 40 M\u00dcZ\u0130K<\/a><\/div>\n\t\t<div class=\"saatler\"> 06:00 - 10:00<\/div>\n\t\t<\/li><li>\n\t\t<div class=\"yayin-foto\"><img decoding=\"async\" src=\"https:\/\/www.radyovenus.net\/wp-content\/plugins\/k-radio\/images\/noimage.png\" width:\"64\" height=\"64\"><\/div>\n\t\t<div class=\"programAdi\"><a href=\"#\">POP M\u00dcZ\u0130K<\/a><\/div>\n\t\t<div class=\"saatler\"> 10:00 - 12:00<\/div>\n\t\t<\/li><li>\n\t\t<div class=\"yayin-foto\"><img decoding=\"async\" src=\"https:\/\/www.radyovenus.net\/wp-content\/plugins\/k-radio\/images\/noimage.png\" width:\"64\" height=\"64\"><\/div>\n\t\t<div class=\"programAdi\"><a href=\"#\">T\u00dcMERKAN S\u00d6\u011e\u00dcTL\u00dc \u0130LE M\u00dcZ\u0130K FEST\u0130VAL\u0130<\/a><\/div>\n\t\t<div class=\"saatler\"> 12:00 - 14:30<\/div>\n\t\t<\/li><li>\n\t\t<div class=\"yayin-foto\"><img decoding=\"async\" src=\"https:\/\/www.radyovenus.net\/wp-content\/plugins\/k-radio\/images\/noimage.png\" width:\"64\" height=\"64\"><\/div>\n\t\t<div class=\"programAdi\"><a href=\"#\">AR\u0130F G\u00dcVEN SHOW T\u0130ME<\/a><\/div>\n\t\t<div class=\"saatler\"> 14:30 - 18:00<\/div>\n\t\t<\/li><li>\n\t\t<div class=\"yayin-foto\"><img decoding=\"async\" src=\"https:\/\/www.radyovenus.net\/wp-content\/plugins\/k-radio\/images\/noimage.png\" width:\"64\" height=\"64\"><\/div>\n\t\t<div class=\"programAdi\"><a href=\"#\">MURAT ALBAYRAK YAYINDA<\/a><\/div>\n\t\t<div class=\"saatler\"> 18:00 - 20:00<\/div>\n\t\t<\/li><li>\n\t\t<div class=\"yayin-foto\"><img decoding=\"async\" src=\"https:\/\/www.radyovenus.net\/wp-content\/plugins\/k-radio\/images\/noimage.png\" width:\"64\" height=\"64\"><\/div>\n\t\t<div class=\"programAdi\"><a href=\"#\">KARI\u015eIK M\u00dcZ\u0130K<\/a><\/div>\n\t\t<div class=\"saatler\"> 20:00 - 23:00<\/div>\n\t\t<\/li><li>\n\t\t<div class=\"yayin-foto\"><img decoding=\"async\" src=\"https:\/\/www.radyovenus.net\/wp-content\/plugins\/k-radio\/images\/noimage.png\" width:\"64\" height=\"64\"><\/div>\n\t\t<div class=\"programAdi\"><a href=\"#\">MURAT \u0130NCE - UZUN \u0130NCE YOL<\/a><\/div>\n\t\t<div class=\"saatler\"> 23:00 - 01:00<\/div>\n\t\t<\/li><\/ul><\/div>\r\n<div class=\"yayinContent \"><ul><li>\n\t\t<div class=\"yayin-foto\"><img decoding=\"async\" src=\"https:\/\/www.radyovenus.net\/wp-content\/plugins\/k-radio\/images\/noimage.png\" width:\"64\" height=\"64\"><\/div>\n\t\t<div class=\"programAdi\"><a href=\"#\">SLOW M\u00dcZ\u0130K<\/a><\/div>\n\t\t<div class=\"saatler\"> 01:00 - 06:00<\/div>\n\t\t<\/li><li>\n\t\t<div class=\"yayin-foto\"><img decoding=\"async\" src=\"https:\/\/www.radyovenus.net\/wp-content\/plugins\/k-radio\/images\/noimage.png\" width:\"64\" height=\"64\"><\/div>\n\t\t<div class=\"programAdi\"><a href=\"#\">M\u00dcZ\u0130K YAYINI<\/a><\/div>\n\t\t<div class=\"saatler\"> 06:00 - 12:00<\/div>\n\t\t<\/li><li>\n\t\t<div class=\"yayin-foto\"><img decoding=\"async\" src=\"https:\/\/www.radyovenus.net\/wp-content\/plugins\/k-radio\/images\/noimage.png\" width:\"64\" height=\"64\"><\/div>\n\t\t<div class=\"programAdi\"><a href=\"#\">KARI\u015eIK M\u00dcZ\u0130K<\/a><\/div>\n\t\t<div class=\"saatler\"> 12:00 - 15:00<\/div>\n\t\t<\/li><li>\n\t\t<div class=\"yayin-foto\"><img decoding=\"async\" src=\"https:\/\/www.radyovenus.net\/wp-content\/plugins\/k-radio\/images\/noimage.png\" width:\"64\" height=\"64\"><\/div>\n\t\t<div class=\"programAdi\"><a href=\"#\">POP M\u00dcZ\u0130K<\/a><\/div>\n\t\t<div class=\"saatler\"> 15:00 - 18:00<\/div>\n\t\t<\/li><li>\n\t\t<div class=\"yayin-foto\"><img decoding=\"async\" src=\"https:\/\/www.radyovenus.net\/wp-content\/plugins\/k-radio\/images\/noimage.png\" width:\"64\" height=\"64\"><\/div>\n\t\t<div class=\"programAdi\"><a href=\"#\">TOP 40 M\u00dcZ\u0130K<\/a><\/div>\n\t\t<div class=\"saatler\"> 18:00 - 23:00<\/div>\n\t\t<\/li><li>\n\t\t<div class=\"yayin-foto\"><img decoding=\"async\" src=\"https:\/\/www.radyovenus.net\/wp-content\/plugins\/k-radio\/images\/noimage.png\" width:\"64\" height=\"64\"><\/div>\n\t\t<div class=\"programAdi\"><a href=\"#\">BEN TUNCER<\/a><\/div>\n\t\t<div class=\"saatler\"> 23:00 - 01:00<\/div>\n\t\t<\/li><\/ul><\/div>\r\n<div class=\"yayinContent \"><ul><li>\n\t\t<div class=\"yayin-foto\"><img decoding=\"async\" src=\"https:\/\/www.radyovenus.net\/wp-content\/plugins\/k-radio\/images\/noimage.png\" width:\"64\" height=\"64\"><\/div>\n\t\t<div class=\"programAdi\"><a href=\"#\">SLOW M\u00dcZ\u0130K<\/a><\/div>\n\t\t<div class=\"saatler\"> 01:00 - 06:00<\/div>\n\t\t<\/li><li>\n\t\t<div class=\"yayin-foto\"><img decoding=\"async\" src=\"https:\/\/www.radyovenus.net\/wp-content\/plugins\/k-radio\/images\/noimage.png\" width:\"64\" height=\"64\"><\/div>\n\t\t<div class=\"programAdi\"><a href=\"#\">M\u00dcZ\u0130K YAYINI<\/a><\/div>\n\t\t<div class=\"saatler\"> 06:00 - 12:00<\/div>\n\t\t<\/li><li>\n\t\t<div class=\"yayin-foto\"><img decoding=\"async\" src=\"https:\/\/www.radyovenus.net\/wp-content\/plugins\/k-radio\/images\/noimage.png\" width:\"64\" height=\"64\"><\/div>\n\t\t<div class=\"programAdi\"><a href=\"#\">KARI\u015eIK M\u00dcZ\u0130K<\/a><\/div>\n\t\t<div class=\"saatler\"> 12:00 - 18:00<\/div>\n\t\t<\/li><li>\n\t\t<div class=\"yayin-foto\"><img decoding=\"async\" src=\"https:\/\/www.radyovenus.net\/wp-content\/plugins\/k-radio\/images\/noimage.png\" width:\"64\" height=\"64\"><\/div>\n\t\t<div class=\"programAdi\"><a href=\"#\">POP M\u00dcZ\u0130K<\/a><\/div>\n\t\t<div class=\"saatler\"> 18:00 - 21:00<\/div>\n\t\t<\/li><li>\n\t\t<div class=\"yayin-foto\"><img decoding=\"async\" src=\"https:\/\/www.radyovenus.net\/wp-content\/plugins\/k-radio\/images\/noimage.png\" width:\"64\" height=\"64\"><\/div>\n\t\t<div class=\"programAdi\"><a href=\"#\">TOP 40 M\u00dcZ\u0130K<\/a><\/div>\n\t\t<div class=\"saatler\"> 21:00 - 01:00<\/div>\n\t\t<\/li><\/ul><\/div>\r\n <\/div>\r\n\t \r\n\r\n\r\n\r\n        <\/div><\/div><\/div><\/div><\/div>","protected":false},"excerpt":{"rendered":"<p>YAYIN AKI\u015eI Pazartesi Sal\u0131 \u00c7ar\u015famba Per\u015fembe Cuma Cumartesi Pazar SLOW M\u00dcZ\u0130K 01:00 &#8211; 06:00 TOP 40 M\u00dcZ\u0130K 06:00 &#8211; 10:00 POP M\u00dcZ\u0130K 10:00 &#8211; 12:00 T\u00dcMERKAN S\u00d6\u011e\u00dcTL\u00dc \u0130LE M\u00dcZ\u0130K FEST\u0130VAL\u0130 12:00 &#8211; 14:30 AR\u0130F G\u00dcVEN SHOW T\u0130ME 14:30 &#8211; 18:00 MURAT ALBAYRAK YAYINDA 18:00 &#8211; 20:00 KARI\u015eIK M\u00dcZ\u0130K 20:00 &#8211; 23:00 MURAT \u0130NCE &#8211; UZUN [&hellip;]<\/p>\n","protected":false},"author":1,"featured_media":0,"parent":0,"menu_order":0,"comment_status":"closed","ping_status":"closed","template":"template-parts\/content-front-page.php","meta":{"footnotes":""},"_links":{"self":[{"href":"https:\/\/www.radyovenus.net\/index.php?rest_route=\/wp\/v2\/pages\/15"}],"collection":[{"href":"https:\/\/www.radyovenus.net\/index.php?rest_route=\/wp\/v2\/pages"}],"about":[{"href":"https:\/\/www.radyovenus.net\/index.php?rest_route=\/wp\/v2\/types\/page"}],"author":[{"embeddable":true,"href":"https:\/\/www.radyovenus.net\/index.php?rest_route=\/wp\/v2\/users\/1"}],"replies":[{"embeddable":true,"href":"https:\/\/www.radyovenus.net\/index.php?rest_route=%2Fwp%2Fv2%2Fcomments&post=15"}],"version-history":[{"count":10,"href":"https:\/\/www.radyovenus.net\/index.php?rest_route=\/wp\/v2\/pages\/15\/revisions"}],"predecessor-version":[{"id":312,"href":"https:\/\/www.radyovenus.net\/index.php?rest_route=\/wp\/v2\/pages\/15\/revisions\/312"}],"wp:attachment":[{"href":"https:\/\/www.radyovenus.net\/index.php?rest_route=%2Fwp%2Fv2%2Fmedia&parent=15"}],"curies":[{"name":"wp","href":"https:\/\/api.w.org\/{rel}","templated":true}]}}