{"id":169,"date":"2019-05-24T11:14:49","date_gmt":"2019-05-24T08:14:49","guid":{"rendered":"http:\/\/demo.cizoglubilisim.com\/KRadio-1\/?page_id=2"},"modified":"2024-08-21T17:32:46","modified_gmt":"2024-08-21T14:32:46","slug":"iletisim","status":"publish","type":"page","link":"https:\/\/www.radyovenus.net\/?page_id=169","title":{"rendered":"\u0130leti\u015fim"},"content":{"rendered":"<p>Adres: Haydar \u00c7avu\u015f Mah. Atat\u00fcrk Cd. Alt\u0131nta\u015f Ap. 51\/2 Band\u0131rma\/ BALIKES\u0130R<\/p>\n<p>Mail adresi: venusfm92@hotmail.com<\/p>\n<p>Kep adresi: canvenusradyo@hs01.kep.tr<\/p>\n<p>Bilgi: Reklam Departman Telefonlar:<br \/>\n0(542) 373 85 80<br \/>\n0(266) 714 36 84<\/p>\n<p>&nbsp;<\/p>\n","protected":false},"excerpt":{"rendered":"<p>Adres: Haydar \u00c7avu\u015f Mah. Atat\u00fcrk Cd. Alt\u0131nta\u015f Ap. 51\/2 Band\u0131rma\/ BALIKES\u0130R Mail adresi: venusfm92@hotmail.com Kep adresi: canvenusradyo@hs01.kep.tr Bilgi: Reklam Departman Telefonlar: 0(542) 373 85 80 0(266) 714 36 84 &nbsp;<\/p>\n","protected":false},"author":1,"featured_media":167,"parent":0,"menu_order":0,"comment_status":"closed","ping_status":"closed","template":"","meta":{"footnotes":""},"_links":{"self":[{"href":"https:\/\/www.radyovenus.net\/index.php?rest_route=\/wp\/v2\/pages\/169"}],"collection":[{"href":"https:\/\/www.radyovenus.net\/index.php?rest_route=\/wp\/v2\/pages"}],"about":[{"href":"https:\/\/www.radyovenus.net\/index.php?rest_route=\/wp\/v2\/types\/page"}],"author":[{"embeddable":true,"href":"https:\/\/www.radyovenus.net\/index.php?rest_route=\/wp\/v2\/users\/1"}],"replies":[{"embeddable":true,"href":"https:\/\/www.radyovenus.net\/index.php?rest_route=%2Fwp%2Fv2%2Fcomments&post=169"}],"version-history":[{"count":3,"href":"https:\/\/www.radyovenus.net\/index.php?rest_route=\/wp\/v2\/pages\/169\/revisions"}],"predecessor-version":[{"id":336,"href":"https:\/\/www.radyovenus.net\/index.php?rest_route=\/wp\/v2\/pages\/169\/revisions\/336"}],"wp:featuredmedia":[{"embeddable":true,"href":"https:\/\/www.radyovenus.net\/index.php?rest_route=\/wp\/v2\/media\/167"}],"wp:attachment":[{"href":"https:\/\/www.radyovenus.net\/index.php?rest_route=%2Fwp%2Fv2%2Fmedia&parent=169"}],"curies":[{"name":"wp","href":"https:\/\/api.w.org\/{rel}","templated":true}]}}