{"id":170,"date":"2019-05-24T11:14:49","date_gmt":"2019-05-24T08:14:49","guid":{"rendered":"http:\/\/demo.cizoglubilisim.com\/KRadio-1\/?page_id=3"},"modified":"2020-11-21T16:00:10","modified_gmt":"2020-11-21T13:00:10","slug":"gizlilik-politikasi","status":"publish","type":"page","link":"https:\/\/www.radyovenus.net\/?page_id=170","title":{"rendered":"\u0130lanlar"},"content":{"rendered":"<p>\u0130\u015f mi ar\u0131yorsunuz? radyomuzda her saat ba\u015f\u0131 yay\u0131nlanmakta olan ilan b\u00f6l\u00fcm\u00fcn\u00fc dinleyebilir yada aram\u0131\u015f oldu\u011funuz i\u015f ilan\u0131n\u0131 bizimle mail yada telefon yolu ile ileti\u015fime ge\u00e7erek bilgi alabilirsiniz.<\/p>\n<p>Telefon: 0266 714 36 84<br \/>\nGsm: 0542 373 85 80<br \/>\nvenusfm92@hotmail.com<\/p>\n","protected":false},"excerpt":{"rendered":"<p>\u0130\u015f mi ar\u0131yorsunuz? radyomuzda her saat ba\u015f\u0131 yay\u0131nlanmakta olan ilan b\u00f6l\u00fcm\u00fcn\u00fc dinleyebilir yada aram\u0131\u015f oldu\u011funuz i\u015f ilan\u0131n\u0131 bizimle mail yada telefon yolu ile ileti\u015fime ge\u00e7erek bilgi alabilirsiniz. Telefon: 0266 714 36 84 Gsm: 0542 373 85 80 venusfm92@hotmail.com<\/p>\n","protected":false},"author":1,"featured_media":63,"parent":0,"menu_order":0,"comment_status":"closed","ping_status":"open","template":"","meta":{"footnotes":""},"_links":{"self":[{"href":"https:\/\/www.radyovenus.net\/index.php?rest_route=\/wp\/v2\/pages\/170"}],"collection":[{"href":"https:\/\/www.radyovenus.net\/index.php?rest_route=\/wp\/v2\/pages"}],"about":[{"href":"https:\/\/www.radyovenus.net\/index.php?rest_route=\/wp\/v2\/types\/page"}],"author":[{"embeddable":true,"href":"https:\/\/www.radyovenus.net\/index.php?rest_route=\/wp\/v2\/users\/1"}],"replies":[{"embeddable":true,"href":"https:\/\/www.radyovenus.net\/index.php?rest_route=%2Fwp%2Fv2%2Fcomments&post=170"}],"version-history":[{"count":1,"href":"https:\/\/www.radyovenus.net\/index.php?rest_route=\/wp\/v2\/pages\/170\/revisions"}],"predecessor-version":[{"id":200,"href":"https:\/\/www.radyovenus.net\/index.php?rest_route=\/wp\/v2\/pages\/170\/revisions\/200"}],"wp:featuredmedia":[{"embeddable":true,"href":"https:\/\/www.radyovenus.net\/index.php?rest_route=\/wp\/v2\/media\/63"}],"wp:attachment":[{"href":"https:\/\/www.radyovenus.net\/index.php?rest_route=%2Fwp%2Fv2%2Fmedia&parent=170"}],"curies":[{"name":"wp","href":"https:\/\/api.w.org\/{rel}","templated":true}]}}